{"id":1198,"date":"2026-04-20T04:39:06","date_gmt":"2026-04-20T04:39:06","guid":{"rendered":"https:\/\/muniacora.gob.pe\/?page_id=1198"},"modified":"2026-04-20T05:09:40","modified_gmt":"2026-04-20T05:09:40","slug":"plataforma-de-denuncias","status":"publish","type":"page","link":"https:\/\/muniacora.gob.pe\/index.php\/plataforma-de-denuncias\/","title":{"rendered":"PLATAFORMA DE DENUNCIAS"},"content":{"rendered":"\t\t<div data-elementor-type=\"wp-page\" data-elementor-id=\"1198\" class=\"elementor elementor-1198\" data-elementor-post-type=\"page\">\n\t\t\t\t<div class=\"elementor-element elementor-element-2950f7d e-flex e-con-boxed e-con e-parent\" data-id=\"2950f7d\" data-element_type=\"container\" data-e-type=\"container\">\n\t\t\t\t\t<div class=\"e-con-inner\">\n\t\t\t\t<div class=\"elementor-element elementor-element-902d5ae elementor-widget elementor-widget-heading\" data-id=\"902d5ae\" data-element_type=\"widget\" data-e-type=\"widget\" data-widget_type=\"heading.default\">\n\t\t\t\t\t<h3 class=\"elementor-heading-title elementor-size-default\">PLATAFORMA DIGITAL \u00daNICA DE DENUNCIAS DEL CIUDADANO<\/h3>\t\t\t\t<\/div>\n\t\t\t\t\t<\/div>\n\t\t\t\t<\/div>\n\t\t<div class=\"elementor-element elementor-element-52ba99b e-flex e-con-boxed e-con e-parent\" data-id=\"52ba99b\" data-element_type=\"container\" data-e-type=\"container\">\n\t\t\t\t\t<div class=\"e-con-inner\">\n\t\t\t\t<div class=\"elementor-element elementor-element-e683a8f elementor-widget elementor-widget-text-editor\" data-id=\"e683a8f\" data-element_type=\"widget\" data-e-type=\"widget\" data-widget_type=\"text-editor.default\">\n\t\t\t\t\t\t\t\t\t<p>Presenta tu denuncia de manera an\u00f3nima o reservada a trav\u00e9s de la Plataforma Digital \u00danica de Denuncias del Ciudadano, administrada por la Secretar\u00eda de Integridad P\u00fablica de la PCM:<\/p><p>Enlace:\u00a0<a href=\"https:\/\/denuncias.servicios.gob.pe\/\"><strong>https:\/\/denuncias.servicios.gob.pe<\/strong><\/a><\/p><p>\u00a0<\/p>\t\t\t\t\t\t\t\t<\/div>\n\t\t\t\t\t<\/div>\n\t\t\t\t<\/div>\n\t\t\t\t<\/div>\n\t\t","protected":false},"excerpt":{"rendered":"<p>PLATAFORMA DIGITAL \u00daNICA DE DENUNCIAS DEL CIUDADANO Presenta tu denuncia de manera an\u00f3nima o reservada a trav\u00e9s de la Plataforma Digital \u00danica de Denuncias del Ciudadano, administrada por la Secretar\u00eda de Integridad P\u00fablica de la PCM: Enlace:\u00a0https:\/\/denuncias.servicios.gob.pe \u00a0<\/p>\n","protected":false},"author":1,"featured_media":0,"parent":0,"menu_order":0,"comment_status":"closed","ping_status":"closed","template":"page-templates\/template-pagebuilder-full-width.php","meta":{"neve_meta_sidebar":"","neve_meta_container":"","neve_meta_enable_content_width":"","neve_meta_content_width":0,"neve_meta_title_alignment":"","neve_meta_author_avatar":"","neve_post_elements_order":"","neve_meta_disable_header":"","neve_meta_disable_footer":"","neve_meta_disable_title":"","footnotes":""},"class_list":["post-1198","page","type-page","status-publish","hentry"],"_links":{"self":[{"href":"https:\/\/muniacora.gob.pe\/index.php\/wp-json\/wp\/v2\/pages\/1198","targetHints":{"allow":["GET"]}}],"collection":[{"href":"https:\/\/muniacora.gob.pe\/index.php\/wp-json\/wp\/v2\/pages"}],"about":[{"href":"https:\/\/muniacora.gob.pe\/index.php\/wp-json\/wp\/v2\/types\/page"}],"author":[{"embeddable":true,"href":"https:\/\/muniacora.gob.pe\/index.php\/wp-json\/wp\/v2\/users\/1"}],"replies":[{"embeddable":true,"href":"https:\/\/muniacora.gob.pe\/index.php\/wp-json\/wp\/v2\/comments?post=1198"}],"version-history":[{"count":14,"href":"https:\/\/muniacora.gob.pe\/index.php\/wp-json\/wp\/v2\/pages\/1198\/revisions"}],"predecessor-version":[{"id":1214,"href":"https:\/\/muniacora.gob.pe\/index.php\/wp-json\/wp\/v2\/pages\/1198\/revisions\/1214"}],"wp:attachment":[{"href":"https:\/\/muniacora.gob.pe\/index.php\/wp-json\/wp\/v2\/media?parent=1198"}],"curies":[{"name":"wp","href":"https:\/\/api.w.org\/{rel}","templated":true}]}}