{"id":190,"date":"2025-12-16T19:48:01","date_gmt":"2025-12-16T19:48:01","guid":{"rendered":"https:\/\/muniacora.gob.pe\/?page_id=190"},"modified":"2026-04-13T18:52:40","modified_gmt":"2026-04-13T18:52:40","slug":"ordenanza-municipal","status":"publish","type":"page","link":"https:\/\/muniacora.gob.pe\/index.php\/https-muniacora-gob-pe\/ordenanza-municipal\/","title":{"rendered":"ORDENANZA MUNICIPAL"},"content":{"rendered":"\t\t<div data-elementor-type=\"wp-page\" data-elementor-id=\"190\" class=\"elementor elementor-190\" data-elementor-post-type=\"page\">\n\t\t\t\t<div class=\"elementor-element elementor-element-7e22068 e-flex e-con-boxed e-con e-parent\" data-id=\"7e22068\" data-element_type=\"container\" data-e-type=\"container\">\n\t\t\t\t\t<div class=\"e-con-inner\">\n\t\t<div class=\"elementor-element elementor-element-a3e8bef e-con-full e-flex e-con e-child\" data-id=\"a3e8bef\" data-element_type=\"container\" data-e-type=\"container\">\n\t\t<style id=\"eael-image-masking-efbd16c\">.eael-image-masking-efbd16c img {clip-path: polygon(20% 0%, 80% 0%, 100% 20%, 100% 80%, 80% 100%, 20% 100%, 0% 80%, 0% 20%)}.eael-image-masking-efbd16c:hover img {clip-path: polygon(50% 0%, 80% 10%, 100% 35%, 100% 70%, 80% 90%, 50% 100%, 20% 90%, 0% 70%, 0% 35%, 20% 10%);}.eael-image-masking-efbd16c:hover img {clip-path: polygon(50% 0%, 80% 10%, 100% 35%, 100% 70%, 80% 90%, 50% 100%, 20% 90%, 0% 70%, 0% 35%, 20% 10%);}<\/style>\t\t<div class=\"eael-image-masking-efbd16c elementor-element elementor-element-efbd16c elementor-widget__width-initial elementor-widget-mobile__width-initial elementor-widget elementor-widget-eael-advanced-data-table\" data-id=\"efbd16c\" data-element_type=\"widget\" data-e-type=\"widget\" data-widget_type=\"eael-advanced-data-table.default\">\n\t\t\t\t\t<div class=\"ea-advanced-data-table-wrap\" data-id=\"efbd16c\"><div class=\"ea-advanced-data-table-search-wrap ea-advanced-data-table-search-right\"><input type=\"search\" placeholder=\"Buscar\" class=\"ea-advanced-data-table-search\"><\/div><div class=\"ea-advanced-data-table-wrap-inner\">\n                <table class=\"ea-advanced-data-table ea-advanced-data-table-static ea-advanced-data-table-efbd16c ea-advanced-data-table-sortable ea-advanced-data-table-paginated ea-advanced-data-table-searchable\" data-id=\"efbd16c\" data-items-per-page=\"10\"><thead><tr><th style=\"width: 42px\"><p>N\u00ba<\/p><\/th><th><p>DESCRIPCI\u00d3N<\/p><\/th><th style=\"width: 111px\"><p>PDF<\/p><\/th><\/tr><\/thead><tbody><tr><td><p><strong>026<\/strong><\/p><\/td><td><p><strong><u>ARTICULO PRIMERO.-<\/u>&nbsp;&nbsp;APROBAR, las disposiciones para promover la incorporaci\u00f3n del enfoque intercultural; el uso, preservaci\u00f3n, desarrollo, recuperaci\u00f3n, fomento y difusi\u00f3n de la lenguas ind\u00edgenas&nbsp;u originarias, as\u00ed como la promoci\u00f3n de la diversidad cultural para la prevenci\u00f3n&nbsp;y sanci\u00f3n de racismo y las discriminaciones&nbsp;\u00e9tnico-racial&nbsp;y la promoci\u00f3n de derechos&nbsp;del pueblo afroperuano en el distrito de Acora<\/strong>, que consta de siete(7) Cap\u00edtulos, treinta y uno (31) Articulo y dos (02) Anexos, (el anexo 01 \u2013 Cuadro de Infracciones y sanciones, y el Anexo 02 \u2013 Glosarlo de T\u00e9rminos), cuyo texto adjunto forma parte integrante de la presente Ordenanza.<\/p><\/td><td><p><a href=\"http:\/\/muniacora.gob.pe\/wp-content\/uploads\/2026\/03\/ORDENANZA-MUNICIPAL-No026-2025-MDA.pdf\" target=\"_blank\"><img decoding=\"async\" src=\"https:\/\/img.freepik.com\/vector-premium\/icono-pdf-aislado-sobre-fondo-blanco_618941-130.jpg\" alt=\"Icono de pdf aislado sobre fondo blanco | Vector Premium\"><\/a><\/p><\/td><\/tr><tr><td><p><strong>024<\/strong><\/p><\/td><td><p><strong><u>ARTICULO PRIMERO.<\/u> - APROBAR la Ordenanza Municipal que regula el procedimiento de instalaci\u00f3n y desinstalaci\u00f3n de la propaganda electoral en el distrito de Acora, la misma que contiene tres (lll) cap\u00edtulos, trece (13) articulo, cinco (05) disposiciones transitorias y finales.&nbsp;<\/strong><\/p><\/td><td><p><a href=\"http:\/\/muniacora.gob.pe\/wp-content\/uploads\/2026\/03\/ORDENANZA-MUNICIPAL-No024-2025-MDA.pdf\" target=\"_blank\"><img decoding=\"async\" src=\"https:\/\/img.freepik.com\/vector-premium\/icono-pdf-aislado-sobre-fondo-blanco_618941-130.jpg\" alt=\"Icono de pdf aislado sobre fondo blanco | Vector Premium\"><\/a><\/p><\/td><\/tr><tr><td><p><strong>023<\/strong><\/p><\/td><td><p><strong><u>ARTICULO PRIMERO. -<\/u>&nbsp;APROBAR, <\/strong>La<strong> ORDENANZA MUNICIPAL QUE DECLARA LA OBLIGATORIEDAD DE MODIFICAR LAS DESCARGAS DE LLUVIA AL SISTEMA DE CUNETAS O DRENAJES SUPERFICIALES EN EL DISTRITO DE ACORA, <\/strong>compuesto por:<strong> T\u00edtulo Preliminar, Cinco (05) T\u00edtulos, Cincuenta y Cinco (55) Art\u00edculos, Tres (03) Cap\u00edtulos, Tres (03) Secciones, Cinco (05) Disposiciones Complementarias, Transitorias y Finales y Cuadro \u00danico de infracciones y Sanciones (CUIS).<\/strong><\/p><\/td><td><p><a href=\"http:\/\/muniacora.gob.pe\/wp-content\/uploads\/2026\/03\/ORDENANZA-MUNICIPAL-No023-2025-MDA.pdf\" target=\"_blank\"><img decoding=\"async\" src=\"https:\/\/img.freepik.com\/vector-premium\/icono-pdf-aislado-sobre-fondo-blanco_618941-130.jpg\" alt=\"Icono de pdf aislado sobre fondo blanco | Vector Premium\"><\/a><\/p><\/td><\/tr><tr><td><p><strong>022<\/strong><\/p><\/td><td><p><strong><u>ARTICULO PRIMERO. -<\/u>&nbsp;APROBAR, <\/strong>La<strong> ORDENANZA MUNICIPAL QUE REGULA LA OCUPACI\u00d3N DE LA V\u00cdA PUBLICA CON MATERIALES DE CONSTRUCCI\u00d3N ESCOMBROS O DESMONTES EN LA CIUDAD DE ACORA, <\/strong>Compuesto por;<strong> T\u00edtulo Preliminar, Cinco (05) T\u00edtulos, Cincuenta y Cinco (55) Art\u00edculos, Dos Tres (03) Secciones Cinco (05) Disposiciones Complementarias, Transitorias Y Finales y Cuadro \u00fanico de infracciones y sanciones (CUIS).<\/strong><\/p><\/td><td><p><a href=\"http:\/\/muniacora.gob.pe\/wp-content\/uploads\/2026\/03\/ORDENANZA-MUNICIPAL-No022-2025-MDA.pdf\" target=\"_blank\"><img decoding=\"async\" src=\"https:\/\/img.freepik.com\/vector-premium\/icono-pdf-aislado-sobre-fondo-blanco_618941-130.jpg\" alt=\"Icono de pdf aislado sobre fondo blanco | Vector Premium\"><\/a><\/p><\/td><\/tr><\/tbody><\/table>\n            <\/div><div class=\"ea-advanced-data-table-pagination ea-advanced-data-table-pagination-button clearfix\"><\/div><\/div>\t\t\t\t<\/div>\n\t\t\t\t<\/div>\n\t\t\t\t\t<\/div>\n\t\t\t\t<\/div>\n\t\t\t\t<\/div>\n\t\t","protected":false},"excerpt":{"rendered":"<p>N\u00ba DESCRIPCI\u00d3N PDF 026 ARTICULO PRIMERO.-&nbsp;&nbsp;APROBAR, las disposiciones para promover la incorporaci\u00f3n del enfoque intercultural; el uso, preservaci\u00f3n, desarrollo, recuperaci\u00f3n, fomento y difusi\u00f3n de la lenguas ind\u00edgenas&nbsp;u originarias, as\u00ed como la promoci\u00f3n de la diversidad cultural para la prevenci\u00f3n&nbsp;y sanci\u00f3n de racismo y las discriminaciones&nbsp;\u00e9tnico-racial&nbsp;y la promoci\u00f3n de derechos&nbsp;del pueblo afroperuano en el distrito de&hellip;&nbsp;<a href=\"https:\/\/muniacora.gob.pe\/index.php\/https-muniacora-gob-pe\/ordenanza-municipal\/\" rel=\"bookmark\"><span class=\"screen-reader-text\">ORDENANZA MUNICIPAL<\/span><\/a><\/p>\n","protected":false},"author":1,"featured_media":0,"parent":37,"menu_order":0,"comment_status":"closed","ping_status":"closed","template":"page-templates\/template-pagebuilder-full-width.php","meta":{"neve_meta_sidebar":"","neve_meta_container":"","neve_meta_enable_content_width":"","neve_meta_content_width":0,"neve_meta_title_alignment":"","neve_meta_author_avatar":"","neve_post_elements_order":"","neve_meta_disable_header":"","neve_meta_disable_footer":"","neve_meta_disable_title":"","footnotes":""},"class_list":["post-190","page","type-page","status-publish","hentry"],"_links":{"self":[{"href":"https:\/\/muniacora.gob.pe\/index.php\/wp-json\/wp\/v2\/pages\/190","targetHints":{"allow":["GET"]}}],"collection":[{"href":"https:\/\/muniacora.gob.pe\/index.php\/wp-json\/wp\/v2\/pages"}],"about":[{"href":"https:\/\/muniacora.gob.pe\/index.php\/wp-json\/wp\/v2\/types\/page"}],"author":[{"embeddable":true,"href":"https:\/\/muniacora.gob.pe\/index.php\/wp-json\/wp\/v2\/users\/1"}],"replies":[{"embeddable":true,"href":"https:\/\/muniacora.gob.pe\/index.php\/wp-json\/wp\/v2\/comments?post=190"}],"version-history":[{"count":73,"href":"https:\/\/muniacora.gob.pe\/index.php\/wp-json\/wp\/v2\/pages\/190\/revisions"}],"predecessor-version":[{"id":1143,"href":"https:\/\/muniacora.gob.pe\/index.php\/wp-json\/wp\/v2\/pages\/190\/revisions\/1143"}],"up":[{"embeddable":true,"href":"https:\/\/muniacora.gob.pe\/index.php\/wp-json\/wp\/v2\/pages\/37"}],"wp:attachment":[{"href":"https:\/\/muniacora.gob.pe\/index.php\/wp-json\/wp\/v2\/media?parent=190"}],"curies":[{"name":"wp","href":"https:\/\/api.w.org\/{rel}","templated":true}]}}